{"id":14,"date":"2014-08-25T11:17:37","date_gmt":"2014-08-25T10:17:37","guid":{"rendered":"http:\/\/www.bdbezdrevska12.cz\/?page_id=14"},"modified":"2014-08-26T11:33:27","modified_gmt":"2014-08-26T09:33:27","slug":"kontakty","status":"publish","type":"page","link":"https:\/\/www.bdbezdrevska12.cz\/?page_id=14","title":{"rendered":"Kontakty"},"content":{"rendered":"<p><strong>Bytov\u00e9 dru\u017estvo Vltava 12<br \/>\n<\/strong>Bezdrevsk\u00e1 1015\/12<br \/>\n370 11\u00a0 \u010cesk\u00e9 Bud\u011bjovice<\/p>\n<p>I\u010cO: 25167278<br \/>\nDI\u010c: CZ25167278<\/p>\n<p><strong>Kontaktn\u00ed osoba<\/strong><br \/>\nIng. Karel \u0160teif<br \/>\nTel. 725 739 862<\/p>\n","protected":false},"excerpt":{"rendered":"<p>Bytov\u00e9 dru\u017estvo Vltava 12 Bezdrevsk\u00e1 1015\/12 370 11\u00a0 \u010cesk\u00e9 Bud\u011bjovice I\u010cO: 25167278 DI\u010c: CZ25167278 Kontaktn\u00ed osoba Ing. Karel \u0160teif Tel. 725 739 862<\/p>\n","protected":false},"author":1,"featured_media":0,"parent":0,"menu_order":5,"comment_status":"open","ping_status":"open","template":"","meta":{"footnotes":""},"class_list":["post-14","page","type-page","status-publish","hentry"],"_links":{"self":[{"href":"https:\/\/www.bdbezdrevska12.cz\/index.php?rest_route=\/wp\/v2\/pages\/14","targetHints":{"allow":["GET"]}}],"collection":[{"href":"https:\/\/www.bdbezdrevska12.cz\/index.php?rest_route=\/wp\/v2\/pages"}],"about":[{"href":"https:\/\/www.bdbezdrevska12.cz\/index.php?rest_route=\/wp\/v2\/types\/page"}],"author":[{"embeddable":true,"href":"https:\/\/www.bdbezdrevska12.cz\/index.php?rest_route=\/wp\/v2\/users\/1"}],"replies":[{"embeddable":true,"href":"https:\/\/www.bdbezdrevska12.cz\/index.php?rest_route=%2Fwp%2Fv2%2Fcomments&post=14"}],"version-history":[{"count":3,"href":"https:\/\/www.bdbezdrevska12.cz\/index.php?rest_route=\/wp\/v2\/pages\/14\/revisions"}],"predecessor-version":[{"id":31,"href":"https:\/\/www.bdbezdrevska12.cz\/index.php?rest_route=\/wp\/v2\/pages\/14\/revisions\/31"}],"wp:attachment":[{"href":"https:\/\/www.bdbezdrevska12.cz\/index.php?rest_route=%2Fwp%2Fv2%2Fmedia&parent=14"}],"curies":[{"name":"wp","href":"https:\/\/api.w.org\/{rel}","templated":true}]}}